{"id":233,"date":"2020-08-24T16:08:38","date_gmt":"2020-08-24T16:08:38","guid":{"rendered":"http:\/\/marekpilch.pl\/?page_id=233"},"modified":"2020-08-24T16:08:49","modified_gmt":"2020-08-24T16:08:49","slug":"de","status":"publish","type":"page","link":"https:\/\/marekpilch.pl\/?page_id=233","title":{"rendered":"DE"},"content":{"rendered":"<h5 class=\"p1\"><span class=\"s1\">Marek Pilch<\/span><\/h5>\n<p class=\"p3\"><span class=\"s1\">Geboren in Cieszyn (S\u00fcdpolen). Studierte Orgel und Cembalo an der Musikakademie in Katowice (Oberschlesien) und &#8211; als Stipendiat der DAAD &#8211; an der Hochschule f\u00fcr Musik in Trossingen. Bei dem Internationalem Orgelwettbewerb in Gda\u0144sk (1992) und dem Cembalowettbewerb NDR in Hamburg (1997) bekam er Auszeichnungen.<span class=\"Apple-converted-space\">&nbsp; <\/span>1998-2000 in Rahmen der Bohemia Festival, f\u00fchrte<span class=\"Apple-converted-space\">&nbsp; <\/span>er Kurse des Cembalospiels und der Auff\u00fchrung des Generalbass in Kostelec (Tschechien).<\/span><\/p>\n<p class=\"p3\"><span class=\"s1\">Er engagierte sich auf dem Gebiet der Evangelischen Kirchenmusik in Polen. 2002 arbeitete er mit, bei der Redaktion des neuen Gesangbuches, und 2005 bei der Vorbereitung des Choralbuches.<span class=\"Apple-converted-space\">&nbsp; <\/span>2000-2005 war er Organist der Christophorikirche (evang. deutschsprachige Gemeinde in Breslau), arbeitete zusammen mit dem Verein zur Erhaltung und Erforschung Schlesischer Orgeln sowie Internationalem Heinrich Sch\u00fctz Gesellschaft. <\/span><\/p>\n<p class=\"p3\"><span class=\"s1\">Das Hauptgebiet seiner T\u00e4tigkeit ist jedoch Interpretation der Orgel-, Cembalo- und Kammermusik. Er tritt als Solist auf, und arbeitet mit verschiedenen Ensembles f\u00fcr alte Musik zusammen. In letzten Jahren widmet er sich auch der Klaviermusik (historische Klaviere). Zusammen mit seiner Frau Magdalena (Fl\u00f6te) und dem Cellist &#8211; Bartosz Kokosza gr\u00fcndete er das &#8222;Trio Brillante&#8221;. Das Repertoire des Ensembles widmet sich haups\u00e4chlich der Musik des ersten H\u00e4lfte des 19. Jhd. Zwei CDs wurden bereits eingespielt. <\/span><\/p>\n<p class=\"p3\"><span class=\"s1\">Marek Pilch unterrichtet das Cembalospiel, Basso Continuo sowie historische Stimmpraxis an der Hochschule f\u00fcr Musik in Katowice. Im Jahre 2011 erhielt er dort der Doktortitel und ab 2018 ist er Leitet er dort die Abteilung f\u00fcr Alte Musik.<\/span><\/p>\n","protected":false},"excerpt":{"rendered":"<p>Marek Pilch Geboren in Cieszyn (S\u00fcdpolen). Studierte Orgel und Cembalo an der Musikakademie in Katowice (Oberschlesien) und &#8211; als Stipendiat der DAAD &#8211; an der Hochschule f\u00fcr Musik in Trossingen. Bei dem Internationalem Orgelwettbewerb in Gda\u0144sk (1992) und dem Cembalowettbewerb NDR in Hamburg (1997) bekam er Auszeichnungen.&nbsp; 1998-2000 in Rahmen der Bohemia Festival, f\u00fchrte&nbsp; er <a href=\"https:\/\/marekpilch.pl\/?page_id=233\" class=\"read-more inline\">Read More<\/a><\/p>\n","protected":false},"author":1,"featured_media":0,"parent":97,"menu_order":0,"comment_status":"closed","ping_status":"closed","template":"template-full-width.php","meta":[],"yoast_head":"<!-- This site is optimized with the Yoast SEO plugin v16.9 - https:\/\/yoast.com\/wordpress\/plugins\/seo\/ -->\n<title>DE - MAREK PILCH<\/title>\n<meta name=\"robots\" content=\"index, follow, max-snippet:-1, max-image-preview:large, max-video-preview:-1\" \/>\n<link rel=\"canonical\" href=\"https:\/\/marekpilch.pl\/?page_id=233\" \/>\n<meta property=\"og:locale\" content=\"pl_PL\" \/>\n<meta property=\"og:type\" content=\"article\" \/>\n<meta property=\"og:title\" content=\"DE - MAREK PILCH\" \/>\n<meta property=\"og:description\" content=\"Marek Pilch Geboren in Cieszyn (S\u00fcdpolen). Studierte Orgel und Cembalo an der Musikakademie in Katowice (Oberschlesien) und &#8211; als Stipendiat der DAAD &#8211; an der Hochschule f\u00fcr Musik in Trossingen. Bei dem Internationalem Orgelwettbewerb in Gda\u0144sk (1992) und dem Cembalowettbewerb NDR in Hamburg (1997) bekam er Auszeichnungen.&nbsp; 1998-2000 in Rahmen der Bohemia Festival, f\u00fchrte&nbsp; er Read More\" \/>\n<meta property=\"og:url\" content=\"https:\/\/marekpilch.pl\/?page_id=233\" \/>\n<meta property=\"og:site_name\" content=\"MAREK PILCH\" \/>\n<meta property=\"article:modified_time\" content=\"2020-08-24T16:08:49+00:00\" \/>\n<meta name=\"twitter:card\" content=\"summary_large_image\" \/>\n<meta name=\"twitter:label1\" content=\"Szacowany czas czytania\" \/>\n\t<meta name=\"twitter:data1\" content=\"1 minuta\" \/>\n<script type=\"application\/ld+json\" class=\"yoast-schema-graph\">{\"@context\":\"https:\/\/schema.org\",\"@graph\":[{\"@type\":\"WebSite\",\"@id\":\"https:\/\/marekpilch.pl\/#website\",\"url\":\"https:\/\/marekpilch.pl\/\",\"name\":\"MAREK PILCH\",\"description\":\"ORGANY, KLAWESYN, MUZYKA KAMERALNA\",\"potentialAction\":[{\"@type\":\"SearchAction\",\"target\":{\"@type\":\"EntryPoint\",\"urlTemplate\":\"https:\/\/marekpilch.pl\/?s={search_term_string}\"},\"query-input\":\"required name=search_term_string\"}],\"inLanguage\":\"pl-PL\"},{\"@type\":\"WebPage\",\"@id\":\"https:\/\/marekpilch.pl\/?page_id=233#webpage\",\"url\":\"https:\/\/marekpilch.pl\/?page_id=233\",\"name\":\"DE - MAREK PILCH\",\"isPartOf\":{\"@id\":\"https:\/\/marekpilch.pl\/#website\"},\"datePublished\":\"2020-08-24T16:08:38+00:00\",\"dateModified\":\"2020-08-24T16:08:49+00:00\",\"breadcrumb\":{\"@id\":\"https:\/\/marekpilch.pl\/?page_id=233#breadcrumb\"},\"inLanguage\":\"pl-PL\",\"potentialAction\":[{\"@type\":\"ReadAction\",\"target\":[\"https:\/\/marekpilch.pl\/?page_id=233\"]}]},{\"@type\":\"BreadcrumbList\",\"@id\":\"https:\/\/marekpilch.pl\/?page_id=233#breadcrumb\",\"itemListElement\":[{\"@type\":\"ListItem\",\"position\":1,\"name\":\"Strona g\\u0142\\u00f3wna\",\"item\":\"https:\/\/marekpilch.pl\/\"},{\"@type\":\"ListItem\",\"position\":2,\"name\":\"CV\",\"item\":\"https:\/\/marekpilch.pl\/?page_id=97\"},{\"@type\":\"ListItem\",\"position\":3,\"name\":\"DE\"}]}]}<\/script>\n<!-- \/ Yoast SEO plugin. -->","yoast_head_json":{"title":"DE - MAREK PILCH","robots":{"index":"index","follow":"follow","max-snippet":"max-snippet:-1","max-image-preview":"max-image-preview:large","max-video-preview":"max-video-preview:-1"},"canonical":"https:\/\/marekpilch.pl\/?page_id=233","og_locale":"pl_PL","og_type":"article","og_title":"DE - MAREK PILCH","og_description":"Marek Pilch Geboren in Cieszyn (S\u00fcdpolen). Studierte Orgel und Cembalo an der Musikakademie in Katowice (Oberschlesien) und &#8211; als Stipendiat der DAAD &#8211; an der Hochschule f\u00fcr Musik in Trossingen. Bei dem Internationalem Orgelwettbewerb in Gda\u0144sk (1992) und dem Cembalowettbewerb NDR in Hamburg (1997) bekam er Auszeichnungen.&nbsp; 1998-2000 in Rahmen der Bohemia Festival, f\u00fchrte&nbsp; er Read More","og_url":"https:\/\/marekpilch.pl\/?page_id=233","og_site_name":"MAREK PILCH","article_modified_time":"2020-08-24T16:08:49+00:00","twitter_card":"summary_large_image","twitter_misc":{"Szacowany czas czytania":"1 minuta"},"schema":{"@context":"https:\/\/schema.org","@graph":[{"@type":"WebSite","@id":"https:\/\/marekpilch.pl\/#website","url":"https:\/\/marekpilch.pl\/","name":"MAREK PILCH","description":"ORGANY, KLAWESYN, MUZYKA KAMERALNA","potentialAction":[{"@type":"SearchAction","target":{"@type":"EntryPoint","urlTemplate":"https:\/\/marekpilch.pl\/?s={search_term_string}"},"query-input":"required name=search_term_string"}],"inLanguage":"pl-PL"},{"@type":"WebPage","@id":"https:\/\/marekpilch.pl\/?page_id=233#webpage","url":"https:\/\/marekpilch.pl\/?page_id=233","name":"DE - MAREK PILCH","isPartOf":{"@id":"https:\/\/marekpilch.pl\/#website"},"datePublished":"2020-08-24T16:08:38+00:00","dateModified":"2020-08-24T16:08:49+00:00","breadcrumb":{"@id":"https:\/\/marekpilch.pl\/?page_id=233#breadcrumb"},"inLanguage":"pl-PL","potentialAction":[{"@type":"ReadAction","target":["https:\/\/marekpilch.pl\/?page_id=233"]}]},{"@type":"BreadcrumbList","@id":"https:\/\/marekpilch.pl\/?page_id=233#breadcrumb","itemListElement":[{"@type":"ListItem","position":1,"name":"Strona g\u0142\u00f3wna","item":"https:\/\/marekpilch.pl\/"},{"@type":"ListItem","position":2,"name":"CV","item":"https:\/\/marekpilch.pl\/?page_id=97"},{"@type":"ListItem","position":3,"name":"DE"}]}]}},"_links":{"self":[{"href":"https:\/\/marekpilch.pl\/index.php?rest_route=\/wp\/v2\/pages\/233"}],"collection":[{"href":"https:\/\/marekpilch.pl\/index.php?rest_route=\/wp\/v2\/pages"}],"about":[{"href":"https:\/\/marekpilch.pl\/index.php?rest_route=\/wp\/v2\/types\/page"}],"author":[{"embeddable":true,"href":"https:\/\/marekpilch.pl\/index.php?rest_route=\/wp\/v2\/users\/1"}],"replies":[{"embeddable":true,"href":"https:\/\/marekpilch.pl\/index.php?rest_route=%2Fwp%2Fv2%2Fcomments&post=233"}],"version-history":[{"count":3,"href":"https:\/\/marekpilch.pl\/index.php?rest_route=\/wp\/v2\/pages\/233\/revisions"}],"predecessor-version":[{"id":236,"href":"https:\/\/marekpilch.pl\/index.php?rest_route=\/wp\/v2\/pages\/233\/revisions\/236"}],"up":[{"embeddable":true,"href":"https:\/\/marekpilch.pl\/index.php?rest_route=\/wp\/v2\/pages\/97"}],"wp:attachment":[{"href":"https:\/\/marekpilch.pl\/index.php?rest_route=%2Fwp%2Fv2%2Fmedia&parent=233"}],"curies":[{"name":"wp","href":"https:\/\/api.w.org\/{rel}","templated":true}]}}