{"id":280,"date":"2020-11-24T20:29:39","date_gmt":"2020-11-24T20:29:39","guid":{"rendered":"http:\/\/marekpilch.pl\/?page_id=280"},"modified":"2020-11-25T20:06:15","modified_gmt":"2020-11-25T20:06:15","slug":"audioteka-2020-jan-gawlas-utwory-organowe","status":"publish","type":"page","link":"https:\/\/marekpilch.pl\/?page_id=280","title":{"rendered":"Audioteka 2020. Jan Gawlas. Utwory organowe"},"content":{"rendered":"\t\t<div data-elementor-type=\"wp-page\" data-elementor-id=\"280\" class=\"elementor elementor-280\">\n\t\t\t\t\t\t<div class=\"elementor-inner\">\n\t\t\t\t<div class=\"elementor-section-wrap\">\n\t\t\t\t\t\t\t\t\t<section class=\"elementor-section elementor-top-section elementor-element elementor-element-3ab81ca7 elementor-section-boxed elementor-section-height-default elementor-section-height-default\" data-id=\"3ab81ca7\" data-element_type=\"section\">\n\t\t\t\t\t\t<div class=\"elementor-container elementor-column-gap-default\">\n\t\t\t\t\t\t\t<div class=\"elementor-row\">\n\t\t\t\t\t<div class=\"elementor-column elementor-col-100 elementor-top-column elementor-element elementor-element-617e8aac\" data-id=\"617e8aac\" data-element_type=\"column\">\n\t\t\t<div class=\"elementor-column-wrap elementor-element-populated\">\n\t\t\t\t\t\t\t<div class=\"elementor-widget-wrap\">\n\t\t\t\t\t\t<div class=\"elementor-element elementor-element-870c58a elementor-widget elementor-widget-text-editor\" data-id=\"870c58a\" data-element_type=\"widget\" data-widget_type=\"text-editor.default\">\n\t\t\t\t<div class=\"elementor-widget-container\">\n\t\t\t\t\t\t\t\t<div class=\"elementor-text-editor elementor-clearfix\">\n\t\t\t\t<p class=\"p1\">\u201eAudioteka 2020. Jan Gawlas. Utwory organowe\u201d &#8211; to projekt nagraniowy zrealizowany w ramach programu stypendialnego \u201eKultura w sieci\u201d MKiDN.<\/p>\n<p class=\"p1\">Celem tego projektu by\u0142o nagranie kompletu dzie\u0142 organowych <a href=\"http:\/\/choralprotestancki.pl\/jan-gawlas\/\" target=\"_blank\" rel=\"noopener noreferrer\"><span class=\"s1\">Jana Gawlasa <\/span>(1901-1965)<\/a> wybitnego polskiego tw\u00f3rcy muzyki organowej pierwszej po\u0142owy XX wieku, pochodz\u0105cego ze \u015al\u0105ska Cieszy\u0144skiego.<\/p>\n<p class=\"p1\">Projekt ten wi\u0105\u017ce si\u0119 z poprzednim (realizowanym w roku 2019), w wyniku kt\u00f3rego powsta\u0142a <a href=\"http:\/\/choralprotestancki.pl\/komentarz-do-edycji-utworow-organowych\/\" target=\"_blank\" rel=\"noopener noreferrer\"><span class=\"s1\">edycja r\u0119kopis\u00f3w dzie\u0142 organowych<\/span> Jana Gawlasa<\/a>. Jest te\u017c pewnym podsumowaniem wieloletniej pracy polegaj\u0105cej na w\u0142\u0105czaniu kolejnych utwor\u00f3w do w\u0142asnego repertuaru koncertowego.<\/p>\n<p class=\"p1\">Nagranie zrealizowane zosta\u0142o na prze\u0142omie wrze\u015bnia i pa\u017adziernika 2020 roku. Kompozycje o tematyce Adwentowej i Bo\u017conarodzeniowej zarejestrowane zosta\u0142y ju\u017c rok wcze\u015bniej (w ramach wymienionego powy\u017cej projektu). Miejscem nagrania by\u0142 ewangelicki Ko\u015bci\u00f3\u0142 Zmartwychwstania Pa\u0144skiego w Katowicach, na <a href=\"https:\/\/marekpilch.pl\/wp-content\/uploads\/2020\/11\/Artykul-o-organach-w-katowicach.pdf\" target=\"_blank\" rel=\"noopener noreferrer\"><span class=\"s1\">organach firmy Sauer\/Walcker<\/span> z roku 1922<\/a>.<span class=\"Apple-converted-space\">\u00a0 <\/span>Instrument ten zosta\u0142 gruntownie odrestaurowany w roku 2018.<span class=\"Apple-converted-space\">\u00a0 <\/span>Dzi\u0119ki wyj\u0105tkowej palecie barw, utwory Jana Gawlasa, w szczeg\u00f3lno\u015bci miniatury chora\u0142owe, brzmi\u0105 tu znakomicie a ka\u017cda kompozycja otrzymuje nieco inn\u0105 od pozosta\u0142ych, indywidualn\u0105 posta\u0107 brzmieniow\u0105.<\/p>\n<p class=\"p3\"><span class=\"s2\">Nagrania publikowane s\u0105 na dwa sposoby: wszystkie kompozycje dost\u0119pne s\u0105 do ods\u0142uchania na <\/span><a href=\"https:\/\/soundcloud.com\/mpilch\/sets\/jan-gawlas-utwory-organowe-1\" target=\"_blank\" rel=\"noopener noreferrer\"><span class=\"s1\">Soundcloud <\/span><\/a>natomiast wybrane utwory publikuj\u0119 sukcesywnie na YouTube w postaci film\u00f3w gdzie do muzyki do\u0142\u0105czone s\u0105 zdj\u0119cia r\u0119kopis\u00f3w i wsp\u00f3\u0142czesnej, wykonanej w ramach projektu (2019) w\u0142asnej edycji nutowej.<\/p>\n\n<!-- wp:paragraph -->\n<p><\/p>\n<!-- \/wp:paragraph -->\n\n<!-- wp:paragraph -->\n<p><\/p>\n<!-- \/wp:paragraph -->\t\t\t\t\t<\/div>\n\t\t\t\t\t\t<\/div>\n\t\t\t\t<\/div>\n\t\t\t\t\t\t<\/div>\n\t\t\t\t\t<\/div>\n\t\t<\/div>\n\t\t\t\t\t\t\t\t<\/div>\n\t\t\t\t\t<\/div>\n\t\t<\/section>\n\t\t\t\t<section class=\"elementor-section elementor-top-section elementor-element elementor-element-5407208 elementor-section-boxed elementor-section-height-default elementor-section-height-default\" data-id=\"5407208\" data-element_type=\"section\">\n\t\t\t\t\t\t<div class=\"elementor-container elementor-column-gap-default\">\n\t\t\t\t\t\t\t<div class=\"elementor-row\">\n\t\t\t\t\t<div class=\"elementor-column elementor-col-100 elementor-top-column elementor-element elementor-element-d882996\" data-id=\"d882996\" data-element_type=\"column\">\n\t\t\t<div class=\"elementor-column-wrap elementor-element-populated\">\n\t\t\t\t\t\t\t<div class=\"elementor-widget-wrap\">\n\t\t\t\t\t\t<div class=\"elementor-element elementor-element-541861b elementor-widget elementor-widget-html\" data-id=\"541861b\" data-element_type=\"widget\" data-widget_type=\"html.default\">\n\t\t\t\t<div class=\"elementor-widget-container\">\n\t\t\t<iframe loading=\"lazy\" width=\"100%\" height=\"450\" scrolling=\"no\" frameborder=\"no\" allow=\"autoplay\" src=\"https:\/\/w.soundcloud.com\/player\/?url=https%3A\/\/api.soundcloud.com\/playlists\/1155053563&color=%23ff5500&auto_play=false&hide_related=false&show_comments=true&show_user=true&show_reposts=false&show_teaser=true\"><\/iframe><div style=\"font-size: 10px; color: #cccccc;line-break: anywhere;word-break: normal;overflow: hidden;white-space: nowrap;text-overflow: ellipsis; font-family: Interstate,Lucida Grande,Lucida Sans Unicode,Lucida Sans,Garuda,Verdana,Tahoma,sans-serif;font-weight: 100;\"><a href=\"https:\/\/soundcloud.com\/mpilch\" title=\"Marek Pilch\" target=\"_blank\" style=\"color: #cccccc; text-decoration: none;\">Marek Pilch<\/a> \u00b7 <a href=\"https:\/\/soundcloud.com\/mpilch\/sets\/jan-gawlas-utwory-organowe-1\" title=\"Jan Gawlas dzie\u0142a organowe wszystkie\" target=\"_blank\" style=\"color: #cccccc; text-decoration: none;\">Jan Gawlas dzie\u0142a organowe wszystkie<\/a><\/div>\t\t<\/div>\n\t\t\t\t<\/div>\n\t\t\t\t\t\t<\/div>\n\t\t\t\t\t<\/div>\n\t\t<\/div>\n\t\t\t\t\t\t\t\t<\/div>\n\t\t\t\t\t<\/div>\n\t\t<\/section>\n\t\t\t\t<section class=\"elementor-section elementor-top-section elementor-element elementor-element-04b9e14 elementor-section-boxed elementor-section-height-default elementor-section-height-default\" data-id=\"04b9e14\" data-element_type=\"section\">\n\t\t\t\t\t\t<div class=\"elementor-container elementor-column-gap-default\">\n\t\t\t\t\t\t\t<div class=\"elementor-row\">\n\t\t\t\t\t<div class=\"elementor-column elementor-col-100 elementor-top-column elementor-element elementor-element-aaefc78\" data-id=\"aaefc78\" data-element_type=\"column\">\n\t\t\t<div class=\"elementor-column-wrap elementor-element-populated\">\n\t\t\t\t\t\t\t<div class=\"elementor-widget-wrap\">\n\t\t\t\t\t\t<div class=\"elementor-element elementor-element-4f3631c elementor-widget elementor-widget-html\" data-id=\"4f3631c\" data-element_type=\"widget\" data-widget_type=\"html.default\">\n\t\t\t\t<div class=\"elementor-widget-container\">\n\t\t\t<iframe loading=\"lazy\" width=\"560\" height=\"315\" src=\"https:\/\/www.youtube.com\/embed\/videoseries?list=PL14d84Jddacsc9Pj7FnuQhIRvjDjAGUT0\" frameborder=\"0\" allow=\"accelerometer; autoplay; clipboard-write; encrypted-media; gyroscope; picture-in-picture\" allowfullscreen><\/iframe>\t\t<\/div>\n\t\t\t\t<\/div>\n\t\t\t\t\t\t<\/div>\n\t\t\t\t\t<\/div>\n\t\t<\/div>\n\t\t\t\t\t\t\t\t<\/div>\n\t\t\t\t\t<\/div>\n\t\t<\/section>\n\t\t\t\t\t\t\t\t\t<\/div>\n\t\t\t<\/div>\n\t\t\t\t\t<\/div>\n\t\t","protected":false},"excerpt":{"rendered":"<p>\u201eAudioteka 2020. Jan Gawlas. Utwory organowe\u201d &#8211; to projekt nagraniowy zrealizowany w ramach programu stypendialnego \u201eKultura w sieci\u201d MKiDN. Celem tego projektu by\u0142o nagranie kompletu dzie\u0142 organowych Jana Gawlasa (1901-1965) wybitnego polskiego tw\u00f3rcy muzyki organowej pierwszej po\u0142owy XX wieku, pochodz\u0105cego ze \u015al\u0105ska Cieszy\u0144skiego. Projekt ten wi\u0105\u017ce si\u0119 z poprzednim (realizowanym w roku 2019), w wyniku <a href=\"https:\/\/marekpilch.pl\/?page_id=280\" class=\"read-more inline\">Read More<\/a><\/p>\n","protected":false},"author":1,"featured_media":0,"parent":0,"menu_order":0,"comment_status":"closed","ping_status":"closed","template":"template-full-width.php","meta":[],"yoast_head":"<!-- This site is optimized with the Yoast SEO plugin v16.9 - https:\/\/yoast.com\/wordpress\/plugins\/seo\/ -->\n<title>Audioteka 2020. Jan Gawlas. Utwory organowe - MAREK PILCH<\/title>\n<meta name=\"description\" content=\"Nagrania wszystkich dzie\u0142 organowych Jana Gawlasa (1901-1965). Marek Pilch na organach Sauer\/Walcker (1922), Ko\u015bci\u00f3\u0142 Ewangelicki Katowice.\" \/>\n<meta name=\"robots\" content=\"index, follow, max-snippet:-1, max-image-preview:large, max-video-preview:-1\" \/>\n<link rel=\"canonical\" href=\"https:\/\/marekpilch.pl\/?page_id=280\" \/>\n<meta property=\"og:locale\" content=\"pl_PL\" \/>\n<meta property=\"og:type\" content=\"article\" \/>\n<meta property=\"og:title\" content=\"Audioteka 2020. Jan Gawlas. Utwory organowe - MAREK PILCH\" \/>\n<meta property=\"og:description\" content=\"Nagrania wszystkich dzie\u0142 organowych Jana Gawlasa (1901-1965). Marek Pilch na organach Sauer\/Walcker (1922), Ko\u015bci\u00f3\u0142 Ewangelicki Katowice.\" \/>\n<meta property=\"og:url\" content=\"https:\/\/marekpilch.pl\/?page_id=280\" \/>\n<meta property=\"og:site_name\" content=\"MAREK PILCH\" \/>\n<meta property=\"article:modified_time\" content=\"2020-11-25T20:06:15+00:00\" \/>\n<meta name=\"twitter:card\" content=\"summary_large_image\" \/>\n<meta name=\"twitter:label1\" content=\"Szacowany czas czytania\" \/>\n\t<meta name=\"twitter:data1\" content=\"1 minuta\" \/>\n<script type=\"application\/ld+json\" class=\"yoast-schema-graph\">{\"@context\":\"https:\/\/schema.org\",\"@graph\":[{\"@type\":\"WebSite\",\"@id\":\"https:\/\/marekpilch.pl\/#website\",\"url\":\"https:\/\/marekpilch.pl\/\",\"name\":\"MAREK PILCH\",\"description\":\"ORGANY, KLAWESYN, MUZYKA KAMERALNA\",\"potentialAction\":[{\"@type\":\"SearchAction\",\"target\":{\"@type\":\"EntryPoint\",\"urlTemplate\":\"https:\/\/marekpilch.pl\/?s={search_term_string}\"},\"query-input\":\"required name=search_term_string\"}],\"inLanguage\":\"pl-PL\"},{\"@type\":\"WebPage\",\"@id\":\"https:\/\/marekpilch.pl\/?page_id=280#webpage\",\"url\":\"https:\/\/marekpilch.pl\/?page_id=280\",\"name\":\"Audioteka 2020. Jan Gawlas. Utwory organowe - MAREK PILCH\",\"isPartOf\":{\"@id\":\"https:\/\/marekpilch.pl\/#website\"},\"datePublished\":\"2020-11-24T20:29:39+00:00\",\"dateModified\":\"2020-11-25T20:06:15+00:00\",\"description\":\"Nagrania wszystkich dzie\\u0142 organowych Jana Gawlasa (1901-1965). Marek Pilch na organach Sauer\/Walcker (1922), Ko\\u015bci\\u00f3\\u0142 Ewangelicki Katowice.\",\"breadcrumb\":{\"@id\":\"https:\/\/marekpilch.pl\/?page_id=280#breadcrumb\"},\"inLanguage\":\"pl-PL\",\"potentialAction\":[{\"@type\":\"ReadAction\",\"target\":[\"https:\/\/marekpilch.pl\/?page_id=280\"]}]},{\"@type\":\"BreadcrumbList\",\"@id\":\"https:\/\/marekpilch.pl\/?page_id=280#breadcrumb\",\"itemListElement\":[{\"@type\":\"ListItem\",\"position\":1,\"name\":\"Strona g\\u0142\\u00f3wna\",\"item\":\"https:\/\/marekpilch.pl\/\"},{\"@type\":\"ListItem\",\"position\":2,\"name\":\"Audioteka 2020. Jan Gawlas. Utwory organowe\"}]}]}<\/script>\n<!-- \/ Yoast SEO plugin. -->","yoast_head_json":{"title":"Audioteka 2020. Jan Gawlas. Utwory organowe - MAREK PILCH","description":"Nagrania wszystkich dzie\u0142 organowych Jana Gawlasa (1901-1965). Marek Pilch na organach Sauer\/Walcker (1922), Ko\u015bci\u00f3\u0142 Ewangelicki Katowice.","robots":{"index":"index","follow":"follow","max-snippet":"max-snippet:-1","max-image-preview":"max-image-preview:large","max-video-preview":"max-video-preview:-1"},"canonical":"https:\/\/marekpilch.pl\/?page_id=280","og_locale":"pl_PL","og_type":"article","og_title":"Audioteka 2020. Jan Gawlas. Utwory organowe - MAREK PILCH","og_description":"Nagrania wszystkich dzie\u0142 organowych Jana Gawlasa (1901-1965). Marek Pilch na organach Sauer\/Walcker (1922), Ko\u015bci\u00f3\u0142 Ewangelicki Katowice.","og_url":"https:\/\/marekpilch.pl\/?page_id=280","og_site_name":"MAREK PILCH","article_modified_time":"2020-11-25T20:06:15+00:00","twitter_card":"summary_large_image","twitter_misc":{"Szacowany czas czytania":"1 minuta"},"schema":{"@context":"https:\/\/schema.org","@graph":[{"@type":"WebSite","@id":"https:\/\/marekpilch.pl\/#website","url":"https:\/\/marekpilch.pl\/","name":"MAREK PILCH","description":"ORGANY, KLAWESYN, MUZYKA KAMERALNA","potentialAction":[{"@type":"SearchAction","target":{"@type":"EntryPoint","urlTemplate":"https:\/\/marekpilch.pl\/?s={search_term_string}"},"query-input":"required name=search_term_string"}],"inLanguage":"pl-PL"},{"@type":"WebPage","@id":"https:\/\/marekpilch.pl\/?page_id=280#webpage","url":"https:\/\/marekpilch.pl\/?page_id=280","name":"Audioteka 2020. Jan Gawlas. Utwory organowe - MAREK PILCH","isPartOf":{"@id":"https:\/\/marekpilch.pl\/#website"},"datePublished":"2020-11-24T20:29:39+00:00","dateModified":"2020-11-25T20:06:15+00:00","description":"Nagrania wszystkich dzie\u0142 organowych Jana Gawlasa (1901-1965). Marek Pilch na organach Sauer\/Walcker (1922), Ko\u015bci\u00f3\u0142 Ewangelicki Katowice.","breadcrumb":{"@id":"https:\/\/marekpilch.pl\/?page_id=280#breadcrumb"},"inLanguage":"pl-PL","potentialAction":[{"@type":"ReadAction","target":["https:\/\/marekpilch.pl\/?page_id=280"]}]},{"@type":"BreadcrumbList","@id":"https:\/\/marekpilch.pl\/?page_id=280#breadcrumb","itemListElement":[{"@type":"ListItem","position":1,"name":"Strona g\u0142\u00f3wna","item":"https:\/\/marekpilch.pl\/"},{"@type":"ListItem","position":2,"name":"Audioteka 2020. Jan Gawlas. Utwory organowe"}]}]}},"_links":{"self":[{"href":"https:\/\/marekpilch.pl\/index.php?rest_route=\/wp\/v2\/pages\/280"}],"collection":[{"href":"https:\/\/marekpilch.pl\/index.php?rest_route=\/wp\/v2\/pages"}],"about":[{"href":"https:\/\/marekpilch.pl\/index.php?rest_route=\/wp\/v2\/types\/page"}],"author":[{"embeddable":true,"href":"https:\/\/marekpilch.pl\/index.php?rest_route=\/wp\/v2\/users\/1"}],"replies":[{"embeddable":true,"href":"https:\/\/marekpilch.pl\/index.php?rest_route=%2Fwp%2Fv2%2Fcomments&post=280"}],"version-history":[{"count":9,"href":"https:\/\/marekpilch.pl\/index.php?rest_route=\/wp\/v2\/pages\/280\/revisions"}],"predecessor-version":[{"id":295,"href":"https:\/\/marekpilch.pl\/index.php?rest_route=\/wp\/v2\/pages\/280\/revisions\/295"}],"wp:attachment":[{"href":"https:\/\/marekpilch.pl\/index.php?rest_route=%2Fwp%2Fv2%2Fmedia&parent=280"}],"curies":[{"name":"wp","href":"https:\/\/api.w.org\/{rel}","templated":true}]}}