{"id":97,"date":"2019-04-14T13:58:07","date_gmt":"2019-04-14T13:58:07","guid":{"rendered":"http:\/\/marekpilch.pl\/?page_id=97"},"modified":"2020-08-24T16:30:27","modified_gmt":"2020-08-24T16:30:27","slug":"cv","status":"publish","type":"page","link":"https:\/\/marekpilch.pl\/?page_id=97","title":{"rendered":"CV"},"content":{"rendered":"<h5>Marek Pilch<\/h5>\n<p>Urodzony w Cieszynie. Studiowa\u0142 organy i klawesyn na Akademii Muzycznej im. Karola Szymanowskiego w Katowicach oraz jako stypendysta DAAD w Hochschule f\u00fcr Musik w Trossingen (Niemcy). W 1992 roku uzyska\u0142 wyr\u00f3\u017cnienie na Mi\u0119dzynarodowym Konkursie Organowym w Gda\u0144sku, a w 1997 roku by\u0142 finalist\u0105 na Mi\u0119dzynarodowym Konkursie Klawesynowym (NDR) w Hamburgu. W latach 1998 &#8211; 2000 prowadzi\u0142 kursy interpretacji muzyki klawesynowej oraz realizacji basso continuo podczas Bohemia Festival w Kostelcu, w Republice Czeskiej. Anga\u017cowa\u0142 si\u0119 te\u017c w dzia\u0142alno\u015b\u0107 muzyczn\u0105 Ko\u015bcio\u0142a Ewangelickiego w Polsce. By\u0142 wsp\u00f3\u0142redaktorem <em>\u015apiewnika Ewangelickiego<\/em> (wyd. Augustana, 2002 r.) oraz wsp\u00f3\u0142autorem <em>Choralnika <\/em>(wyd. Augustana, 2005). W latach 2000-2005 by\u0142 organist\u0105 ko\u015bcio\u0142a \u015bw. Krzysztofa we Wroc\u0142awiu. Wsp\u00f3\u0142pracowa\u0142 z Polsko-Niemieckim Stowarzyszeniem na Rzecz Bada\u0144 i Utrzymania \u015al\u0105skich Organ\u00f3w (VEESO) oraz z Internationale Heinrich Schuetz Gesellschaft. W latach 2011-2013 wsp\u00f3lnie z Muzeum Historii Katowic prowadzi\u0142 cykl \u201eKoncerty na zabytkowym fortepianie\u201d po\u015bwi\u0119cony interpretacjom muzyki fortepianowej i kameralnej wykonywanej na fortepianie Ernsta Irmlera z roku 1860.<\/p>\n<p>Marek Pilch wyst\u0119puje jako solista, kameralista oraz jako muzyk prowadz\u0105cy projekty. Gra na historycznych instrumentach klawiszowych: organach, klawesynach i fortepianach historycznych. Wsp\u00f3\u0142pracuje z zespo\u0142ami muzyki dawnej (m.in. z Capell\u0105 Cracoviensis) oraz prowadzi w\u0142asny zesp\u00f3\u0142 \u201eTrio Brillante\u201d wykonuj\u0105c muzyk\u0119 prze\u0142omu klasycyzmu i romantyzmu na w\u0142asnym fortepianie sto\u0142owym z XIX wieku.<\/p>\n<p>Zajmuje si\u0119 r\u00f3wnie\u017c dzia\u0142alno\u015bci\u0105 naukow\u0105. Przedmiotem jego bada\u0144 s\u0105 zagadnienia zwi\u0105zane z historycznymi praktykami wykonawczymi oraz chora\u0142 protestancki. Wynikiem tych zainteresowa\u0144 s\u0105 regularne publikacje w postaci artyku\u0142\u00f3w naukowych lub popularnonaukowych, publikowanych g\u0142\u00f3wnie w <a href=\"https:\/\/notesmuzyczny.pl\/resources\/html\/\">\u201eNotesie Muzycznym\u201d<\/a> &#8211; p\u00f3\u0142roczniku Akademii Muzycznej w \u0141odzi. Na uwag\u0119 zas\u0142uguje przygotowanie (wraz z prof. Markiem Toporowskim) i wydanie pierwszej w Polsce publikacji dotycz\u0105cej historycznych system\u00f3w strojenia <a href=\"https:\/\/www.sbc.org.pl\/dlibra\/publication\/100509\/edition\/94619\/content\">(Dawne temperacje. Podstawy akustyczne i praktyczne wykorzystanie, Katowice 2014)<\/a>. W latach 2013-2015 prowadzi\u0142 na UMFC w Warszawie cykl wyk\u0142ad\u00f3w w ramach przedmiotu hymnologia ewangelicka. Prowadzi w\u0142asn\u0105 stron\u0119 internetow\u0105 <a href=\"http:\/\/www.choralprotestancki.pl\">www.choralprotestancki.pl<\/a> kt\u00f3rej celem jest popularyzacja tej tematyki.<\/p>\n<p>W roku 2017 uzyska\u0142 tytu\u0142 doktora habilitowanego i obj\u0105\u0142 funkcj\u0119 kierownika Katedry Klawesynu i Historycznych Praktyk Wykonawczych na Akademii Muzycznej im. Karola Szymanowskiego w Katowicach. W ramach tej funkcji prowadzi Akademick\u0105 Orkiestr\u0119 Barokow\u0105.<\/p>\n","protected":false},"excerpt":{"rendered":"<p>Marek Pilch Urodzony w Cieszynie. Studiowa\u0142 organy i klawesyn na Akademii Muzycznej im. Karola Szymanowskiego w Katowicach oraz jako stypendysta DAAD w Hochschule f\u00fcr Musik w Trossingen (Niemcy). W 1992 roku uzyska\u0142 wyr\u00f3\u017cnienie na Mi\u0119dzynarodowym Konkursie Organowym w Gda\u0144sku, a w 1997 roku by\u0142 finalist\u0105 na Mi\u0119dzynarodowym Konkursie Klawesynowym (NDR) w Hamburgu. W latach 1998 <a href=\"https:\/\/marekpilch.pl\/?page_id=97\" class=\"read-more inline\">Read More<\/a><\/p>\n","protected":false},"author":1,"featured_media":0,"parent":0,"menu_order":0,"comment_status":"closed","ping_status":"closed","template":"template-full-width.php","meta":[],"yoast_head":"<!-- This site is optimized with the Yoast SEO plugin v16.9 - https:\/\/yoast.com\/wordpress\/plugins\/seo\/ -->\n<title>CV - MAREK PILCH<\/title>\n<meta name=\"robots\" content=\"index, follow, max-snippet:-1, max-image-preview:large, max-video-preview:-1\" \/>\n<link rel=\"canonical\" href=\"https:\/\/marekpilch.pl\/?page_id=97\" \/>\n<meta property=\"og:locale\" content=\"pl_PL\" \/>\n<meta property=\"og:type\" content=\"article\" \/>\n<meta property=\"og:title\" content=\"CV - MAREK PILCH\" \/>\n<meta property=\"og:description\" content=\"Marek Pilch Urodzony w Cieszynie. Studiowa\u0142 organy i klawesyn na Akademii Muzycznej im. Karola Szymanowskiego w Katowicach oraz jako stypendysta DAAD w Hochschule f\u00fcr Musik w Trossingen (Niemcy). W 1992 roku uzyska\u0142 wyr\u00f3\u017cnienie na Mi\u0119dzynarodowym Konkursie Organowym w Gda\u0144sku, a w 1997 roku by\u0142 finalist\u0105 na Mi\u0119dzynarodowym Konkursie Klawesynowym (NDR) w Hamburgu. W latach 1998 Read More\" \/>\n<meta property=\"og:url\" content=\"https:\/\/marekpilch.pl\/?page_id=97\" \/>\n<meta property=\"og:site_name\" content=\"MAREK PILCH\" \/>\n<meta property=\"article:modified_time\" content=\"2020-08-24T16:30:27+00:00\" \/>\n<meta name=\"twitter:card\" content=\"summary_large_image\" \/>\n<meta name=\"twitter:label1\" content=\"Szacowany czas czytania\" \/>\n\t<meta name=\"twitter:data1\" content=\"2 minuty\" \/>\n<script type=\"application\/ld+json\" class=\"yoast-schema-graph\">{\"@context\":\"https:\/\/schema.org\",\"@graph\":[{\"@type\":\"WebSite\",\"@id\":\"https:\/\/marekpilch.pl\/#website\",\"url\":\"https:\/\/marekpilch.pl\/\",\"name\":\"MAREK PILCH\",\"description\":\"ORGANY, KLAWESYN, MUZYKA KAMERALNA\",\"potentialAction\":[{\"@type\":\"SearchAction\",\"target\":{\"@type\":\"EntryPoint\",\"urlTemplate\":\"https:\/\/marekpilch.pl\/?s={search_term_string}\"},\"query-input\":\"required name=search_term_string\"}],\"inLanguage\":\"pl-PL\"},{\"@type\":\"WebPage\",\"@id\":\"https:\/\/marekpilch.pl\/?page_id=97#webpage\",\"url\":\"https:\/\/marekpilch.pl\/?page_id=97\",\"name\":\"CV - MAREK PILCH\",\"isPartOf\":{\"@id\":\"https:\/\/marekpilch.pl\/#website\"},\"datePublished\":\"2019-04-14T13:58:07+00:00\",\"dateModified\":\"2020-08-24T16:30:27+00:00\",\"breadcrumb\":{\"@id\":\"https:\/\/marekpilch.pl\/?page_id=97#breadcrumb\"},\"inLanguage\":\"pl-PL\",\"potentialAction\":[{\"@type\":\"ReadAction\",\"target\":[\"https:\/\/marekpilch.pl\/?page_id=97\"]}]},{\"@type\":\"BreadcrumbList\",\"@id\":\"https:\/\/marekpilch.pl\/?page_id=97#breadcrumb\",\"itemListElement\":[{\"@type\":\"ListItem\",\"position\":1,\"name\":\"Strona g\\u0142\\u00f3wna\",\"item\":\"https:\/\/marekpilch.pl\/\"},{\"@type\":\"ListItem\",\"position\":2,\"name\":\"CV\"}]}]}<\/script>\n<!-- \/ Yoast SEO plugin. -->","yoast_head_json":{"title":"CV - MAREK PILCH","robots":{"index":"index","follow":"follow","max-snippet":"max-snippet:-1","max-image-preview":"max-image-preview:large","max-video-preview":"max-video-preview:-1"},"canonical":"https:\/\/marekpilch.pl\/?page_id=97","og_locale":"pl_PL","og_type":"article","og_title":"CV - MAREK PILCH","og_description":"Marek Pilch Urodzony w Cieszynie. Studiowa\u0142 organy i klawesyn na Akademii Muzycznej im. Karola Szymanowskiego w Katowicach oraz jako stypendysta DAAD w Hochschule f\u00fcr Musik w Trossingen (Niemcy). W 1992 roku uzyska\u0142 wyr\u00f3\u017cnienie na Mi\u0119dzynarodowym Konkursie Organowym w Gda\u0144sku, a w 1997 roku by\u0142 finalist\u0105 na Mi\u0119dzynarodowym Konkursie Klawesynowym (NDR) w Hamburgu. W latach 1998 Read More","og_url":"https:\/\/marekpilch.pl\/?page_id=97","og_site_name":"MAREK PILCH","article_modified_time":"2020-08-24T16:30:27+00:00","twitter_card":"summary_large_image","twitter_misc":{"Szacowany czas czytania":"2 minuty"},"schema":{"@context":"https:\/\/schema.org","@graph":[{"@type":"WebSite","@id":"https:\/\/marekpilch.pl\/#website","url":"https:\/\/marekpilch.pl\/","name":"MAREK PILCH","description":"ORGANY, KLAWESYN, MUZYKA KAMERALNA","potentialAction":[{"@type":"SearchAction","target":{"@type":"EntryPoint","urlTemplate":"https:\/\/marekpilch.pl\/?s={search_term_string}"},"query-input":"required name=search_term_string"}],"inLanguage":"pl-PL"},{"@type":"WebPage","@id":"https:\/\/marekpilch.pl\/?page_id=97#webpage","url":"https:\/\/marekpilch.pl\/?page_id=97","name":"CV - MAREK PILCH","isPartOf":{"@id":"https:\/\/marekpilch.pl\/#website"},"datePublished":"2019-04-14T13:58:07+00:00","dateModified":"2020-08-24T16:30:27+00:00","breadcrumb":{"@id":"https:\/\/marekpilch.pl\/?page_id=97#breadcrumb"},"inLanguage":"pl-PL","potentialAction":[{"@type":"ReadAction","target":["https:\/\/marekpilch.pl\/?page_id=97"]}]},{"@type":"BreadcrumbList","@id":"https:\/\/marekpilch.pl\/?page_id=97#breadcrumb","itemListElement":[{"@type":"ListItem","position":1,"name":"Strona g\u0142\u00f3wna","item":"https:\/\/marekpilch.pl\/"},{"@type":"ListItem","position":2,"name":"CV"}]}]}},"_links":{"self":[{"href":"https:\/\/marekpilch.pl\/index.php?rest_route=\/wp\/v2\/pages\/97"}],"collection":[{"href":"https:\/\/marekpilch.pl\/index.php?rest_route=\/wp\/v2\/pages"}],"about":[{"href":"https:\/\/marekpilch.pl\/index.php?rest_route=\/wp\/v2\/types\/page"}],"author":[{"embeddable":true,"href":"https:\/\/marekpilch.pl\/index.php?rest_route=\/wp\/v2\/users\/1"}],"replies":[{"embeddable":true,"href":"https:\/\/marekpilch.pl\/index.php?rest_route=%2Fwp%2Fv2%2Fcomments&post=97"}],"version-history":[{"count":5,"href":"https:\/\/marekpilch.pl\/index.php?rest_route=\/wp\/v2\/pages\/97\/revisions"}],"predecessor-version":[{"id":242,"href":"https:\/\/marekpilch.pl\/index.php?rest_route=\/wp\/v2\/pages\/97\/revisions\/242"}],"wp:attachment":[{"href":"https:\/\/marekpilch.pl\/index.php?rest_route=%2Fwp%2Fv2%2Fmedia&parent=97"}],"curies":[{"name":"wp","href":"https:\/\/api.w.org\/{rel}","templated":true}]}}